{"id":624,"date":"2026-04-22T00:26:33","date_gmt":"2026-04-22T00:26:33","guid":{"rendered":"https:\/\/bonustutka.com\/?page_id=624"},"modified":"2026-04-22T00:31:10","modified_gmt":"2026-04-22T00:31:10","slug":"uutiset","status":"publish","type":"page","link":"https:\/\/bonustutka.com\/?page_id=624","title":{"rendered":"Uutiset \u2013 ajankohtaiset kasino- ja pelialan uutiset"},"content":{"rendered":"\n<p>Tervetuloa uutiset-sivulle, josta l\u00f6yd\u00e4t ajankohtaista sis\u00e4lt\u00f6\u00e4 nettikasinoista, kasinobonuksista, pelialasta ja vastuullisesta pelaamisesta. T\u00e4m\u00e4n sivun tarkoitus on koota yhteen kiinnostavat ja hy\u00f6dylliset uutisaiheet, jotta pysyt paremmin k\u00e4rryill\u00e4 alan muutoksista, trendeist\u00e4 ja keskusteluista.<\/p>\n\n\n\n<p>Nettikasinoihin ja pelaamiseen liittyv\u00e4 maailma muuttuu jatkuvasti. Uusia bonuksia, pelijulkaisuja, maksutapoja ja vastuulliseen pelaamiseen liittyvi\u00e4 ratkaisuja tulee esiin s\u00e4\u00e4nn\u00f6llisesti. Siksi uutisten seuraaminen voi auttaa ymm\u00e4rt\u00e4m\u00e4\u00e4n paremmin, mit\u00e4 alalla tapahtuu ja mitk\u00e4 muutokset voivat vaikuttaa pelaajiin k\u00e4yt\u00e4nn\u00f6ss\u00e4.<\/p>\n\n\n\r\n\t<div class=\"space-shortcode-wrap space-posts-shortcode-2 relative\">\r\n\t\t<div class=\"space-shortcode-wrap-ins relative\">\r\n\r\n\t\t\t\r\n\t\t\t<div class=\"space-news-2-items box-100 relative\">\r\n\t\t\t\t<div class=\"space-news-2-items-left box-50 left relative\">\r\n\t\t\t\t\t\t\t\t\t\t\t\t\t\t\t<div class=\"space-news-2-item-big relative\">\r\n\t\t\t\t\t\t<a href=\"https:\/\/bonustutka.com\/?p=558\" title=\"Kasino bonukset selitettyn\u00e4: n\u00e4in ymm\u00e4rr\u00e4t bonusehdot oikein\">\r\n\t\t\t\t\t\t\t<div class=\"space-news-2-item-big-ins relative\">\r\n\t\t\t\t\t\t\t\t\r\n\t\t\t\t\t\t\t\t<img loading=\"lazy\" decoding=\"async\" width=\"737\" height=\"941\" src=\"https:\/\/bonustutka.com\/wp-content\/uploads\/2026\/04\/vertailee-bonuksia-737x941.png\" class=\"space-desktop-view\" alt=\"Kasino bonukset selitettyn\u00e4: n\u00e4in ymm\u00e4rr\u00e4t bonusehdot oikein\" \/>\t\t\t\t\t\t\t\t<img loading=\"lazy\" decoding=\"async\" width=\"450\" height=\"600\" src=\"https:\/\/bonustutka.com\/wp-content\/uploads\/2026\/04\/vertailee-bonuksia-450x600.png\" class=\"space-mobile-view\" alt=\"Kasino bonukset selitettyn\u00e4: n\u00e4in ymm\u00e4rr\u00e4t bonusehdot oikein\" \/>\t\t\t\t\t\t\t\t<div class=\"space-news-2-item-big-box absolute\">\r\n\t\t\t\t\t\t\t\t\t<div class=\"space-news-2-item-big-box-category relative\">\r\n\t\t\t\t\t\t\t\t\t\t<span>Informatiivinen<\/span> <span>Opas<\/span> \t\t\t\t\t\t\t\t\t<\/div>\r\n\t\t\t\t\t\t\t\t\t<div class=\"space-news-2-item-big-box-title relative\">\r\n\t\t\t\t\t\t\t\t\t\tKasino bonukset selitettyn\u00e4: n\u00e4in ymm\u00e4rr\u00e4t bonusehdot oikein\t\t\t\t\t\t\t\t\t<\/div>\r\n\t\t\t\t\t\t\t\t\t<div class=\"space-news-2-item-big-box-excerpt relative\">\r\n\t\t\t\t\t\t\t\t\t\tKasino bonukset voivat n\u00e4ytt\u00e4\u00e4 houkuttelevilta, mutta niiden todellinen arvo riippuu aina ehdoista. T\u00e4ss\u00e4 oppaassa k\u00e4yd\u00e4\u00e4n l\u00e4pi bonusehdot, kierr\u00e4tysvaatimukset, ilmaiskierrokset ja tervetuliaisbonukset selke\u00e4sti.\t\t\t\t\t\t\t\t\t<\/div>\r\n\t\t\t\t\t\t\t\t\t<div class=\"space-news-2-item-top relative\">\r\n\t\t\t\t\t\t\t\t\t\t<div class=\"space-news-2-item-top-ins box-100 relative\">\r\n\t\t\t\t\t\t\t\t\t\t\t<div class=\"space-news-2-item-top-left absolute\">\r\n\r\n\t\t\t\t\t\t\t\t\t\t\t\t\t\t\t\t\t\t\t\t\t\t\t\t\t<span><i class=\"far fa-clock\"><\/i> 6 tuntia ago<\/span>\r\n\t\t\t\t\t\t\t\t\t\t\t\t\r\n\t\t\t\t\t\t\t\t\t\t\t<\/div>\r\n\t\t\t\t\t\t\t\t\t\t\t<div class=\"space-news-2-item-top-right text-right absolute\">\r\n\t\t\t\t\t\t\t\t\t\t\t\t\r\n\t\t\t\t\t\t\t\t\t\t\t\t\t\t\t\t\t\t\t\t\t\t\t\t\t<span><i class=\"far fa-comment\"><\/i> 0<\/span>\r\n\t\t\t\t\t\t\t\t\t\t\t\t\r\n\t\t\t\t\t\t\t\t\t\t\t\t\t\t\t\t\t\t\t\t\t\t\t\t\t<span><i class=\"fas fa-eye\"><\/i> 4<\/span>\r\n\t\t\t\t\t\t\t\t\t\t\t\t\r\n\t\t\t\t\t\t\t\t\t\t\t<\/div>\r\n\t\t\t\t\t\t\t\t\t\t<\/div>\r\n\t\t\t\t\t\t\t\t\t<\/div>\r\n\t\t\t\t\t\t\t\t<\/div>\r\n\t\t\t\t\t\t\t\t\t\t\t\t\t\t\t\t\t\t\t\t\t\t\t\t\t\t\t\t\t\t\t<\/div>\r\n\t\t\t\t\t\t<\/a>\r\n\t\t\t\t\t<\/div>\r\n\t\t\t\t\t\t\t\t\t\t\t\t\t\t<\/div>\r\n\t\t\t\t<div class=\"space-news-2-items-right box-50 left relative\">\r\n\t\t\t\t\t<div class=\"space-news-2-small-items box-100 relative\">\r\n\t\t\t\t\t\t\t\t\t\t\t\t<div class=\"space-news-2-small-item box-50 left relative\">\r\n\t\t\t\t\t\t\t<div class=\"space-news-2-small-item-ins case-15 relative\">\r\n\t\t\t\t\t\t\t\t<div class=\"space-news-2-small-item-img relative\">\r\n\t\t\t\t\t\t\t\t\t\t\t\t\t\t\t\t\t\t<a href=\"https:\/\/bonustutka.com\/?p=547\" title=\"Nettikasino-opas aloittelijoille: n\u00e4in p\u00e4\u00e4set turvallisesti alkuun\">\r\n\t\t\t\t\t\t\t\t\t\t<div class=\"space-news-2-small-item-img-ins\">\r\n\t\t\t\t\t\t\t\t\t\t\t<img loading=\"lazy\" decoding=\"async\" width=\"450\" height=\"450\" src=\"https:\/\/bonustutka.com\/wp-content\/uploads\/2026\/04\/Kasino-opas-450x450.png\" class=\"attachment-mercury-450-450 size-mercury-450-450\" alt=\"Nettikasino-opas aloittelijoille: n\u00e4in p\u00e4\u00e4set turvallisesti alkuun\" srcset=\"https:\/\/bonustutka.com\/wp-content\/uploads\/2026\/04\/Kasino-opas-450x450.png 450w, https:\/\/bonustutka.com\/wp-content\/uploads\/2026\/04\/Kasino-opas-150x150.png 150w, https:\/\/bonustutka.com\/wp-content\/uploads\/2026\/04\/Kasino-opas-50x50.png 50w, https:\/\/bonustutka.com\/wp-content\/uploads\/2026\/04\/Kasino-opas-100x100.png 100w, https:\/\/bonustutka.com\/wp-content\/uploads\/2026\/04\/Kasino-opas-120x120.png 120w, https:\/\/bonustutka.com\/wp-content\/uploads\/2026\/04\/Kasino-opas-135x135.png 135w, https:\/\/bonustutka.com\/wp-content\/uploads\/2026\/04\/Kasino-opas-270x270.png 270w, https:\/\/bonustutka.com\/wp-content\/uploads\/2026\/04\/Kasino-opas-479x479.png 479w, https:\/\/bonustutka.com\/wp-content\/uploads\/2026\/04\/Kasino-opas-570x570.png 570w, https:\/\/bonustutka.com\/wp-content\/uploads\/2026\/04\/Kasino-opas-767x767.png 767w\" sizes=\"auto, (max-width: 450px) 100vw, 450px\" \/>\t\t\t\t\t\t\t\t\t\t\t<div class=\"space-overlay absolute\"><\/div>\r\n\t\t\t\t\t\t\t\t\t\t\t\t\t\t\t\t\t\t\t\t\t\t\t\t\t\t\t\t\t\t\t\t\t\t\t\t\t\t\t\t\t\t\t<\/div>\r\n\t\t\t\t\t\t\t\t\t<\/a>\r\n\t\t\t\t\t\t\t\t\t\t\t\t\t\t\t\t\t\t<div class=\"space-news-2-small-item-img-category absolute\"><a href=\"https:\/\/bonustutka.com\/?cat=85\" rel=\"category\">Informatiivinen<\/a> <a href=\"https:\/\/bonustutka.com\/?cat=95\" rel=\"category\">Opas<\/a><\/div>\r\n\t\t\t\t\t\t\t\t<\/div>\r\n\t\t\t\t\t\t\t\t<div class=\"space-news-2-small-item-title-box relative\">\r\n\t\t\t\t\t\t\t\t\t<div class=\"space-news-2-small-item-title relative\">\r\n\t\t\t\t\t\t\t\t\t\t<a href=\"https:\/\/bonustutka.com\/?p=547\" title=\"Nettikasino-opas aloittelijoille: n\u00e4in p\u00e4\u00e4set turvallisesti alkuun\">Nettikasino-opas aloittelijoille: n\u00e4in p\u00e4\u00e4set turvallisesti alkuun<\/a>\r\n\t\t\t\t\t\t\t\t\t<\/div>\r\n\t\t\t\t\t\t\t\t\t<div class=\"space-news-2-small-item-meta relative\">\r\n\t\t\t\t\t\t\t\t\t\t<div class=\"space-news-2-small-item-meta-left absolute\">\r\n\t\t\t\t\t\t\t\t\t\t\t\r\n\t\t\t\t\t\t\t\t\t\t\t\t\t\t\t\t\t\t\t\t\t\t\t<span><i class=\"far fa-clock\"><\/i> 6 tuntia ago<\/span>\r\n\t\t\t\t\t\t\t\t\t\t\t\r\n\t\t\t\t\t\t\t\t\t\t<\/div>\r\n\t\t\t\t\t\t\t\t\t\t<div class=\"space-news-2-small-item-meta-right text-right absolute\">\r\n\t\t\t\t\t\t\t\t\t\t\t\r\n\t\t\t\t\t\t\t\t\t\t\t\t\t\t\t\t\t\t\t\t\t\t\t<span><i class=\"far fa-comment\"><\/i> 0<\/span>\r\n\t\t\t\t\t\t\t\t\t\t\t\r\n\t\t\t\t\t\t\t\t\t\t\t\t\t\t\t\t\t\t\t\t\t\t\t<span><i class=\"fas fa-eye\"><\/i> 3<\/span>\r\n\t\t\t\t\t\t\t\t\t\t\t\t\t\t\t\t\t\t\t\t\t\t\r\n\t\t\t\t\t\t\t\t\t\t<\/div>\r\n\t\t\t\t\t\t\t\t\t<\/div>\r\n\t\t\t\t\t\t\t\t<\/div>\r\n\t\t\t\t\t\t\t<\/div>\r\n\t\t\t\t\t\t<\/div>\r\n\t\t\t\t\t\t\t\t\t\t\t\t<div class=\"space-news-2-small-item box-50 left relative\">\r\n\t\t\t\t\t\t\t<div class=\"space-news-2-small-item-ins case-15 relative\">\r\n\t\t\t\t\t\t\t\t<div class=\"space-news-2-small-item-img relative\">\r\n\t\t\t\t\t\t\t\t\t\t\t\t\t\t\t\t\t\t<a href=\"https:\/\/bonustutka.com\/?p=526\" title=\"Vastuullinen pelaaminen: opas turvalliseen ja hallittuun pelaamiseen\">\r\n\t\t\t\t\t\t\t\t\t\t<div class=\"space-news-2-small-item-img-ins\">\r\n\t\t\t\t\t\t\t\t\t\t\t<img loading=\"lazy\" decoding=\"async\" width=\"450\" height=\"450\" src=\"https:\/\/bonustutka.com\/wp-content\/uploads\/2026\/04\/Vastuullinen-pelaaminen-450x450.png\" class=\"attachment-mercury-450-450 size-mercury-450-450\" alt=\"Vastuullinen pelaaminen: opas turvalliseen ja hallittuun pelaamiseen\" srcset=\"https:\/\/bonustutka.com\/wp-content\/uploads\/2026\/04\/Vastuullinen-pelaaminen-450x450.png 450w, https:\/\/bonustutka.com\/wp-content\/uploads\/2026\/04\/Vastuullinen-pelaaminen-150x150.png 150w, https:\/\/bonustutka.com\/wp-content\/uploads\/2026\/04\/Vastuullinen-pelaaminen-50x50.png 50w, https:\/\/bonustutka.com\/wp-content\/uploads\/2026\/04\/Vastuullinen-pelaaminen-100x100.png 100w, https:\/\/bonustutka.com\/wp-content\/uploads\/2026\/04\/Vastuullinen-pelaaminen-120x120.png 120w, https:\/\/bonustutka.com\/wp-content\/uploads\/2026\/04\/Vastuullinen-pelaaminen-135x135.png 135w, https:\/\/bonustutka.com\/wp-content\/uploads\/2026\/04\/Vastuullinen-pelaaminen-270x270.png 270w, https:\/\/bonustutka.com\/wp-content\/uploads\/2026\/04\/Vastuullinen-pelaaminen-479x479.png 479w, https:\/\/bonustutka.com\/wp-content\/uploads\/2026\/04\/Vastuullinen-pelaaminen-570x570.png 570w, https:\/\/bonustutka.com\/wp-content\/uploads\/2026\/04\/Vastuullinen-pelaaminen-767x767.png 767w\" sizes=\"auto, (max-width: 450px) 100vw, 450px\" \/>\t\t\t\t\t\t\t\t\t\t\t<div class=\"space-overlay absolute\"><\/div>\r\n\t\t\t\t\t\t\t\t\t\t\t\t\t\t\t\t\t\t\t\t\t\t\t\t\t\t\t\t\t\t\t\t\t\t\t\t\t\t\t\t\t\t\t<\/div>\r\n\t\t\t\t\t\t\t\t\t<\/a>\r\n\t\t\t\t\t\t\t\t\t\t\t\t\t\t\t\t\t\t<div class=\"space-news-2-small-item-img-category absolute\"><a href=\"https:\/\/bonustutka.com\/?cat=85\" rel=\"category\">Informatiivinen<\/a> <a href=\"https:\/\/bonustutka.com\/?cat=95\" rel=\"category\">Opas<\/a><\/div>\r\n\t\t\t\t\t\t\t\t<\/div>\r\n\t\t\t\t\t\t\t\t<div class=\"space-news-2-small-item-title-box relative\">\r\n\t\t\t\t\t\t\t\t\t<div class=\"space-news-2-small-item-title relative\">\r\n\t\t\t\t\t\t\t\t\t\t<a href=\"https:\/\/bonustutka.com\/?p=526\" title=\"Vastuullinen pelaaminen: opas turvalliseen ja hallittuun pelaamiseen\">Vastuullinen pelaaminen: opas turvalliseen ja hallittuun pelaamiseen<\/a>\r\n\t\t\t\t\t\t\t\t\t<\/div>\r\n\t\t\t\t\t\t\t\t\t<div class=\"space-news-2-small-item-meta relative\">\r\n\t\t\t\t\t\t\t\t\t\t<div class=\"space-news-2-small-item-meta-left absolute\">\r\n\t\t\t\t\t\t\t\t\t\t\t\r\n\t\t\t\t\t\t\t\t\t\t\t\t\t\t\t\t\t\t\t\t\t\t\t<span><i class=\"far fa-clock\"><\/i> 7 tuntia ago<\/span>\r\n\t\t\t\t\t\t\t\t\t\t\t\r\n\t\t\t\t\t\t\t\t\t\t<\/div>\r\n\t\t\t\t\t\t\t\t\t\t<div class=\"space-news-2-small-item-meta-right text-right absolute\">\r\n\t\t\t\t\t\t\t\t\t\t\t\r\n\t\t\t\t\t\t\t\t\t\t\t\t\t\t\t\t\t\t\t\t\t\t\t<span><i class=\"far fa-comment\"><\/i> 0<\/span>\r\n\t\t\t\t\t\t\t\t\t\t\t\r\n\t\t\t\t\t\t\t\t\t\t\t\t\t\t\t\t\t\t\t\t\t\t\t<span><i class=\"fas fa-eye\"><\/i> 19<\/span>\r\n\t\t\t\t\t\t\t\t\t\t\t\t\t\t\t\t\t\t\t\t\t\t\r\n\t\t\t\t\t\t\t\t\t\t<\/div>\r\n\t\t\t\t\t\t\t\t\t<\/div>\r\n\t\t\t\t\t\t\t\t<\/div>\r\n\t\t\t\t\t\t\t<\/div>\r\n\t\t\t\t\t\t<\/div>\r\n\t\t\t\t\t\t\t\t\t\t\t<\/div>\r\n\t\t\t\t<\/div>\r\n\t\t\t<\/div>\r\n\t\t\t\r\n\t\t<\/div>\r\n\t<\/div>\r\n\r\n\t\n\n\n\n<h2 class=\"wp-block-heading\">Miksi uutiset kannattaa lukea?<\/h2>\n\n\n\n<p>Ajankohtaiset uutiset auttavat hahmottamaan, mit\u00e4 pelialalla tapahtuu juuri nyt. Samalla ne tarjoavat hy\u00f6dyllist\u00e4 taustatietoa, joka voi auttaa vertailemaan kasinoita ja ymm\u00e4rt\u00e4m\u00e4\u00e4n bonusten, pelien ja palveluiden kehityst\u00e4 paremmin.<\/p>\n\n\n\n<p>Uutisten seuraaminen voi auttaa sinua:<\/p>\n\n\n\n<ul class=\"wp-block-list\">\n<li>pysym\u00e4\u00e4n ajan tasalla alan muutoksista<\/li>\n\n\n\n<li>l\u00f6yt\u00e4m\u00e4\u00e4n uusia kiinnostavia aiheita<\/li>\n\n\n\n<li>ymm\u00e4rt\u00e4m\u00e4\u00e4n bonuksiin ja kampanjoihin liittyvi\u00e4 ilmi\u00f6it\u00e4 paremmin<\/li>\n\n\n\n<li>seuraamaan vastuulliseen pelaamiseen liittyvi\u00e4 keskusteluja<\/li>\n\n\n\n<li>hahmottamaan, miten nettikasinot ja palvelut kehittyv\u00e4t<\/li>\n<\/ul>\n\n\n\n<h2 class=\"wp-block-heading\">Uusimmat uutisaiheet<\/h2>\n\n\n\n<p>T\u00e4lle sivulle voidaan nostaa n\u00e4kyviin uusimmat julkaisut esimerkiksi seuraavista aiheista:<\/p>\n\n\n\n<h3 class=\"wp-block-heading\">Uudet nettikasinot ja palvelut<\/h3>\n\n\n\n<p>Seuraa uusia toimijoita, uudistuksia ja muutoksia, jotka voivat vaikuttaa kasinoiden k\u00e4ytt\u00f6\u00f6n, tarjontaan ja pelaajakokemukseen.<\/p>\n\n\n\n<h3 class=\"wp-block-heading\">Bonustrendit ja tarjoukset<\/h3>\n\n\n\n<p>Lue uutisia siit\u00e4, millaiset tarjoukset, kampanjat ja bonusrakenteet ovat nousseet esiin.<\/p>\n\n\n\n<h3 class=\"wp-block-heading\">Maksamisen kehitys nettikasinoilla<\/h3>\n\n\n\n<p>Tutustu siihen, miten talletukset, kotiutukset ja erilaiset maksutavat kehittyv\u00e4t.<\/p>\n\n\n\n<h3 class=\"wp-block-heading\">Vastuullisen pelaamisen ratkaisut<\/h3>\n\n\n\n<p>Ajankohtaiset uutiset voivat nostaa esiin uusia ty\u00f6kaluja, k\u00e4yt\u00e4nt\u00f6j\u00e4 ja n\u00e4k\u00f6kulmia pelaamisen hallintaan.<\/p>\n","protected":false},"excerpt":{"rendered":"<p>Tervetuloa uutiset-sivulle, josta l\u00f6yd\u00e4t ajankohtaista sis\u00e4lt\u00f6\u00e4 nettikasinoista, kasinobonuksista, pelialasta ja vastuullisesta pelaamisesta. T\u00e4m\u00e4n sivun tarkoitus on koota yhteen kiinnostavat ja hy\u00f6dylliset uutisaiheet, jotta pysyt paremmin k\u00e4rryill\u00e4 alan muutoksista, trendeist\u00e4 ja keskusteluista. Nettikasinoihin ja pelaamiseen liittyv\u00e4 maailma muuttuu jatkuvasti. Uusia bonuksia, pelijulkaisuja, maksutapoja ja vastuulliseen pelaamiseen liittyvi\u00e4 ratkaisuja tulee esiin s\u00e4\u00e4nn\u00f6llisesti. Siksi uutisten seuraaminen voi auttaa [&hellip;]<\/p>\n","protected":false},"author":1,"featured_media":0,"parent":0,"menu_order":0,"comment_status":"closed","ping_status":"closed","template":"","meta":{"footnotes":""},"class_list":["post-624","page","type-page","status-publish","hentry"],"yoast_head":"<!-- This site is optimized with the Yoast SEO plugin v27.4 - https:\/\/yoast.com\/product\/yoast-seo-wordpress\/ -->\n<title>Uutiset \u2013 nettikasinot, bonukset ja pelialan ajankohtaiset aiheet<\/title>\n<meta name=\"description\" content=\"Lue uusimmat uutiset nettikasinoista, bonuksista, pelialasta ja vastuullisesta pelaamisesta. Seuraa ajankohtaisia muutoksia, trendej\u00e4 ja kiinnostavia aiheita yhdest\u00e4 paikasta.\" \/>\n<meta name=\"robots\" content=\"index, follow, max-snippet:-1, max-image-preview:large, max-video-preview:-1\" \/>\n<link rel=\"canonical\" href=\"https:\/\/bonustutka.com\/?page_id=624\" \/>\n<meta property=\"og:locale\" content=\"fi_FI\" \/>\n<meta property=\"og:type\" content=\"article\" \/>\n<meta property=\"og:title\" content=\"Uutiset \u2013 nettikasinot, bonukset ja pelialan ajankohtaiset aiheet\" \/>\n<meta property=\"og:description\" content=\"Lue uusimmat uutiset nettikasinoista, bonuksista, pelialasta ja vastuullisesta pelaamisesta. Seuraa ajankohtaisia muutoksia, trendej\u00e4 ja kiinnostavia aiheita yhdest\u00e4 paikasta.\" \/>\n<meta property=\"og:url\" content=\"https:\/\/bonustutka.com\/?page_id=624\" \/>\n<meta property=\"og:site_name\" content=\"BonusTutka\" \/>\n<meta property=\"article:modified_time\" content=\"2026-04-22T00:31:10+00:00\" \/>\n<meta name=\"twitter:card\" content=\"summary_large_image\" \/>\n<meta name=\"twitter:label1\" content=\"Arvioitu lukuaika\" \/>\n\t<meta name=\"twitter:data1\" content=\"2 minuuttia\" \/>\n<script type=\"application\/ld+json\" class=\"yoast-schema-graph\">{\"@context\":\"https:\\\/\\\/schema.org\",\"@graph\":[{\"@type\":\"WebPage\",\"@id\":\"https:\\\/\\\/bonustutka.com\\\/?page_id=624\",\"url\":\"https:\\\/\\\/bonustutka.com\\\/?page_id=624\",\"name\":\"Uutiset \u2013 nettikasinot, bonukset ja pelialan ajankohtaiset aiheet\",\"isPartOf\":{\"@id\":\"http:\\\/\\\/bonustutka.com\\\/#website\"},\"datePublished\":\"2026-04-22T00:26:33+00:00\",\"dateModified\":\"2026-04-22T00:31:10+00:00\",\"description\":\"Lue uusimmat uutiset nettikasinoista, bonuksista, pelialasta ja vastuullisesta pelaamisesta. Seuraa ajankohtaisia muutoksia, trendej\u00e4 ja kiinnostavia aiheita yhdest\u00e4 paikasta.\",\"breadcrumb\":{\"@id\":\"https:\\\/\\\/bonustutka.com\\\/?page_id=624#breadcrumb\"},\"inLanguage\":\"fi\",\"potentialAction\":[{\"@type\":\"ReadAction\",\"target\":[\"https:\\\/\\\/bonustutka.com\\\/?page_id=624\"]}]},{\"@type\":\"BreadcrumbList\",\"@id\":\"https:\\\/\\\/bonustutka.com\\\/?page_id=624#breadcrumb\",\"itemListElement\":[{\"@type\":\"ListItem\",\"position\":1,\"name\":\"Home\",\"item\":\"https:\\\/\\\/bonustutka.com\\\/\"},{\"@type\":\"ListItem\",\"position\":2,\"name\":\"Uutiset \u2013 ajankohtaiset kasino- ja pelialan uutiset\"}]},{\"@type\":\"WebSite\",\"@id\":\"http:\\\/\\\/bonustutka.com\\\/#website\",\"url\":\"http:\\\/\\\/bonustutka.com\\\/\",\"name\":\"BonusTutka\",\"description\":\"Parhaat Kasino Bonukset 2026\",\"publisher\":{\"@id\":\"http:\\\/\\\/bonustutka.com\\\/#organization\"},\"potentialAction\":[{\"@type\":\"SearchAction\",\"target\":{\"@type\":\"EntryPoint\",\"urlTemplate\":\"http:\\\/\\\/bonustutka.com\\\/?s={search_term_string}\"},\"query-input\":{\"@type\":\"PropertyValueSpecification\",\"valueRequired\":true,\"valueName\":\"search_term_string\"}}],\"inLanguage\":\"fi\"},{\"@type\":\"Organization\",\"@id\":\"http:\\\/\\\/bonustutka.com\\\/#organization\",\"name\":\"BonusTutka\",\"url\":\"http:\\\/\\\/bonustutka.com\\\/\",\"logo\":{\"@type\":\"ImageObject\",\"inLanguage\":\"fi\",\"@id\":\"http:\\\/\\\/bonustutka.com\\\/#\\\/schema\\\/logo\\\/image\\\/\",\"url\":\"https:\\\/\\\/bonustutka.com\\\/wp-content\\\/uploads\\\/2026\\\/04\\\/cropped-BonusTutka-Logo.png\",\"contentUrl\":\"https:\\\/\\\/bonustutka.com\\\/wp-content\\\/uploads\\\/2026\\\/04\\\/cropped-BonusTutka-Logo.png\",\"width\":1527,\"height\":353,\"caption\":\"BonusTutka\"},\"image\":{\"@id\":\"http:\\\/\\\/bonustutka.com\\\/#\\\/schema\\\/logo\\\/image\\\/\"}}]}<\/script>\n<!-- \/ Yoast SEO plugin. -->","yoast_head_json":{"title":"Uutiset \u2013 nettikasinot, bonukset ja pelialan ajankohtaiset aiheet","description":"Lue uusimmat uutiset nettikasinoista, bonuksista, pelialasta ja vastuullisesta pelaamisesta. Seuraa ajankohtaisia muutoksia, trendej\u00e4 ja kiinnostavia aiheita yhdest\u00e4 paikasta.","robots":{"index":"index","follow":"follow","max-snippet":"max-snippet:-1","max-image-preview":"max-image-preview:large","max-video-preview":"max-video-preview:-1"},"canonical":"https:\/\/bonustutka.com\/?page_id=624","og_locale":"fi_FI","og_type":"article","og_title":"Uutiset \u2013 nettikasinot, bonukset ja pelialan ajankohtaiset aiheet","og_description":"Lue uusimmat uutiset nettikasinoista, bonuksista, pelialasta ja vastuullisesta pelaamisesta. Seuraa ajankohtaisia muutoksia, trendej\u00e4 ja kiinnostavia aiheita yhdest\u00e4 paikasta.","og_url":"https:\/\/bonustutka.com\/?page_id=624","og_site_name":"BonusTutka","article_modified_time":"2026-04-22T00:31:10+00:00","twitter_card":"summary_large_image","twitter_misc":{"Arvioitu lukuaika":"2 minuuttia"},"schema":{"@context":"https:\/\/schema.org","@graph":[{"@type":"WebPage","@id":"https:\/\/bonustutka.com\/?page_id=624","url":"https:\/\/bonustutka.com\/?page_id=624","name":"Uutiset \u2013 nettikasinot, bonukset ja pelialan ajankohtaiset aiheet","isPartOf":{"@id":"http:\/\/bonustutka.com\/#website"},"datePublished":"2026-04-22T00:26:33+00:00","dateModified":"2026-04-22T00:31:10+00:00","description":"Lue uusimmat uutiset nettikasinoista, bonuksista, pelialasta ja vastuullisesta pelaamisesta. Seuraa ajankohtaisia muutoksia, trendej\u00e4 ja kiinnostavia aiheita yhdest\u00e4 paikasta.","breadcrumb":{"@id":"https:\/\/bonustutka.com\/?page_id=624#breadcrumb"},"inLanguage":"fi","potentialAction":[{"@type":"ReadAction","target":["https:\/\/bonustutka.com\/?page_id=624"]}]},{"@type":"BreadcrumbList","@id":"https:\/\/bonustutka.com\/?page_id=624#breadcrumb","itemListElement":[{"@type":"ListItem","position":1,"name":"Home","item":"https:\/\/bonustutka.com\/"},{"@type":"ListItem","position":2,"name":"Uutiset \u2013 ajankohtaiset kasino- ja pelialan uutiset"}]},{"@type":"WebSite","@id":"http:\/\/bonustutka.com\/#website","url":"http:\/\/bonustutka.com\/","name":"BonusTutka","description":"Parhaat Kasino Bonukset 2026","publisher":{"@id":"http:\/\/bonustutka.com\/#organization"},"potentialAction":[{"@type":"SearchAction","target":{"@type":"EntryPoint","urlTemplate":"http:\/\/bonustutka.com\/?s={search_term_string}"},"query-input":{"@type":"PropertyValueSpecification","valueRequired":true,"valueName":"search_term_string"}}],"inLanguage":"fi"},{"@type":"Organization","@id":"http:\/\/bonustutka.com\/#organization","name":"BonusTutka","url":"http:\/\/bonustutka.com\/","logo":{"@type":"ImageObject","inLanguage":"fi","@id":"http:\/\/bonustutka.com\/#\/schema\/logo\/image\/","url":"https:\/\/bonustutka.com\/wp-content\/uploads\/2026\/04\/cropped-BonusTutka-Logo.png","contentUrl":"https:\/\/bonustutka.com\/wp-content\/uploads\/2026\/04\/cropped-BonusTutka-Logo.png","width":1527,"height":353,"caption":"BonusTutka"},"image":{"@id":"http:\/\/bonustutka.com\/#\/schema\/logo\/image\/"}}]}},"_links":{"self":[{"href":"https:\/\/bonustutka.com\/index.php?rest_route=\/wp\/v2\/pages\/624","targetHints":{"allow":["GET"]}}],"collection":[{"href":"https:\/\/bonustutka.com\/index.php?rest_route=\/wp\/v2\/pages"}],"about":[{"href":"https:\/\/bonustutka.com\/index.php?rest_route=\/wp\/v2\/types\/page"}],"author":[{"embeddable":true,"href":"https:\/\/bonustutka.com\/index.php?rest_route=\/wp\/v2\/users\/1"}],"replies":[{"embeddable":true,"href":"https:\/\/bonustutka.com\/index.php?rest_route=%2Fwp%2Fv2%2Fcomments&post=624"}],"version-history":[{"count":4,"href":"https:\/\/bonustutka.com\/index.php?rest_route=\/wp\/v2\/pages\/624\/revisions"}],"predecessor-version":[{"id":629,"href":"https:\/\/bonustutka.com\/index.php?rest_route=\/wp\/v2\/pages\/624\/revisions\/629"}],"wp:attachment":[{"href":"https:\/\/bonustutka.com\/index.php?rest_route=%2Fwp%2Fv2%2Fmedia&parent=624"}],"curies":[{"name":"wp","href":"https:\/\/api.w.org\/{rel}","templated":true}]}}